{"id":2996,"date":"2024-02-05T11:21:07","date_gmt":"2024-02-05T10:21:07","guid":{"rendered":"https:\/\/biohackbalance.se\/cart-2"},"modified":"2024-06-14T23:23:12","modified_gmt":"2024-06-14T21:23:12","slug":"cart-2","status":"publish","type":"page","link":"https:\/\/biohackbalance.se\/en\/cart-2","title":{"rendered":"Cart"},"content":{"rendered":"\t\t<div data-elementor-type=\"wp-page\" data-elementor-id=\"2996\" class=\"elementor elementor-2996 elementor-18\" data-elementor-post-type=\"page\">\n\t\t\t\t<div class=\"elementor-element elementor-element-3d835d99 e-flex e-con-boxed e-con e-parent\" data-id=\"3d835d99\" data-element_type=\"container\" data-e-type=\"container\">\n\t\t\t\t\t<div class=\"e-con-inner\">\n\t\t\t\t\t<\/div>\n\t\t\t\t<\/div>\n\t\t\t\t<\/div>\n\t\t","protected":false},"excerpt":{"rendered":"<p>Ta bort artikel Miniatyrbild Produkt Pris Antal Delsumma &times; NMN Liposomkapslar 399&#107;&#114; NMN Liposomkapslar m\u00e4ngd 1,197&#107;&#114; Uppdatera varukorg Till\u00e4mpa rabattkod Varukorg totalt Delsumma 1,197&#107;&#114; Totalt 1,197&#107;&#114; Forts\u00e4tt till kassan<\/p>\n","protected":false},"author":1,"featured_media":0,"parent":0,"menu_order":0,"comment_status":"closed","ping_status":"closed","template":"","meta":{"footnotes":""},"class_list":["post-2996","page","type-page","status-publish","hentry"],"jetpack_sharing_enabled":true,"_links":{"self":[{"href":"https:\/\/biohackbalance.se\/en\/wp-json\/wp\/v2\/pages\/2996","targetHints":{"allow":["GET"]}}],"collection":[{"href":"https:\/\/biohackbalance.se\/en\/wp-json\/wp\/v2\/pages"}],"about":[{"href":"https:\/\/biohackbalance.se\/en\/wp-json\/wp\/v2\/types\/page"}],"author":[{"embeddable":true,"href":"https:\/\/biohackbalance.se\/en\/wp-json\/wp\/v2\/users\/1"}],"replies":[{"embeddable":true,"href":"https:\/\/biohackbalance.se\/en\/wp-json\/wp\/v2\/comments?post=2996"}],"version-history":[{"count":0,"href":"https:\/\/biohackbalance.se\/en\/wp-json\/wp\/v2\/pages\/2996\/revisions"}],"wp:attachment":[{"href":"https:\/\/biohackbalance.se\/en\/wp-json\/wp\/v2\/media?parent=2996"}],"curies":[{"name":"wp","href":"https:\/\/api.w.org\/{rel}","templated":true}]}}